{"id":12,"date":"2025-07-04T13:35:11","date_gmt":"2025-07-04T11:35:11","guid":{"rendered":"https:\/\/backup.framegirona.dev\/?page_id=12"},"modified":"2026-03-09T10:13:48","modified_gmt":"2026-03-09T09:13:48","slug":"inicio","status":"publish","type":"page","link":"https:\/\/cocogrup.com\/ca\/","title":{"rendered":"Inici"},"content":{"rendered":"\t\t<div data-elementor-type=\"wp-page\" data-elementor-id=\"12\" class=\"elementor elementor-12\" data-elementor-post-type=\"page\">\n\t\t\t\t<div class=\"elementor-element elementor-element-7d98e4d e-con-full e-flex elementor-invisible e-con e-parent\" data-id=\"7d98e4d\" data-element_type=\"container\" data-e-type=\"container\" data-settings=\"{&quot;background_background&quot;:&quot;slideshow&quot;,&quot;background_slideshow_gallery&quot;:[{&quot;id&quot;:75,&quot;url&quot;:&quot;https:\\\/\\\/cocogrup.com\\\/wp-content\\\/uploads\\\/2026\\\/03\\\/cocogrup01.jpg&quot;},{&quot;id&quot;:30,&quot;url&quot;:&quot;https:\\\/\\\/cocogrup.com\\\/wp-content\\\/uploads\\\/2026\\\/03\\\/Comedor-4-Era-Rectoria-scaled-1.jpeg&quot;},{&quot;id&quot;:70,&quot;url&quot;:&quot;https:\\\/\\\/cocogrup.com\\\/wp-content\\\/uploads\\\/2026\\\/03\\\/home1.jpg&quot;},{&quot;id&quot;:71,&quot;url&quot;:&quot;https:\\\/\\\/cocogrup.com\\\/wp-content\\\/uploads\\\/2026\\\/03\\\/home2.jpg&quot;}],&quot;background_slideshow_slide_duration&quot;:3000,&quot;background_slideshow_ken_burns&quot;:&quot;yes&quot;,&quot;animation&quot;:&quot;fadeIn&quot;,&quot;background_slideshow_loop&quot;:&quot;yes&quot;,&quot;background_slideshow_slide_transition&quot;:&quot;fade&quot;,&quot;background_slideshow_transition_duration&quot;:500,&quot;background_slideshow_ken_burns_zoom_direction&quot;:&quot;in&quot;}\">\n\t\t\t\t<div class=\"elementor-element elementor-element-2ffd02fb elementor-widget-mobile__width-initial elementor-invisible elementor-widget elementor-widget-heading\" data-id=\"2ffd02fb\" data-element_type=\"widget\" data-e-type=\"widget\" data-settings=\"{&quot;_animation&quot;:&quot;fadeIn&quot;,&quot;_animation_delay&quot;:500}\" data-widget_type=\"heading.default\">\n\t\t\t\t\t<h1 class=\"elementor-heading-title elementor-size-default\">Apartamentos, Casas y Hotel<\/h1>\t\t\t\t<\/div>\n\t\t\t\t<div class=\"elementor-element elementor-element-21404bea elementor-invisible elementor-widget elementor-widget-heading\" data-id=\"21404bea\" data-element_type=\"widget\" data-e-type=\"widget\" data-settings=\"{&quot;_animation&quot;:&quot;fadeInUp&quot;,&quot;_animation_delay&quot;:1200}\" data-widget_type=\"heading.default\">\n\t\t\t\t\t<h3 class=\"elementor-heading-title elementor-size-default\">con encanto<\/h3>\t\t\t\t<\/div>\n\t\t\t\t<\/div>\n\t\t<div class=\"elementor-element elementor-element-48b8bedb e-con-full e-flex elementor-invisible e-con e-parent\" data-id=\"48b8bedb\" data-element_type=\"container\" data-e-type=\"container\" data-settings=\"{&quot;animation&quot;:&quot;fadeIn&quot;,&quot;animation_delay&quot;:200}\">\n\t\t<div class=\"elementor-element elementor-element-64229dec e-con-full e-flex e-con e-child\" data-id=\"64229dec\" data-element_type=\"container\" data-e-type=\"container\">\n\t\t\t\t<div class=\"elementor-element elementor-element-f12df41 elementor-invisible elementor-widget elementor-widget-image\" data-id=\"f12df41\" data-element_type=\"widget\" data-e-type=\"widget\" data-settings=\"{&quot;_animation&quot;:&quot;zoomIn&quot;,&quot;_animation_delay&quot;:800}\" data-widget_type=\"image.default\">\n\t\t\t\t\t\t\t\t\t\t\t\t\t\t\t<img fetchpriority=\"high\" decoding=\"async\" width=\"512\" height=\"512\" src=\"https:\/\/cocogrup.com\/wp-content\/uploads\/2026\/03\/cocogrup-fav.png\" class=\"attachment-large size-large wp-image-57\" alt=\"Favion COCO GRUP\" srcset=\"https:\/\/cocogrup.com\/wp-content\/uploads\/2026\/03\/cocogrup-fav.png 512w, https:\/\/cocogrup.com\/wp-content\/uploads\/2026\/03\/cocogrup-fav-150x150.png 150w\" sizes=\"(max-width: 512px) 100vw, 512px\" \/>\t\t\t\t\t\t\t\t\t\t\t\t\t\t\t<\/div>\n\t\t\t\t<div class=\"elementor-element elementor-element-be37456 elementor-invisible elementor-widget elementor-widget-heading\" data-id=\"be37456\" data-element_type=\"widget\" data-e-type=\"widget\" data-settings=\"{&quot;_animation&quot;:&quot;fadeInUp&quot;,&quot;_animation_delay&quot;:1200}\" data-widget_type=\"heading.default\">\n\t\t\t\t\t<h3 class=\"elementor-heading-title elementor-size-default\">enjoy living<\/h3>\t\t\t\t<\/div>\n\t\t\t\t<div class=\"elementor-element elementor-element-541f55e5 elementor-widget__width-initial elementor-invisible elementor-widget elementor-widget-heading\" data-id=\"541f55e5\" data-element_type=\"widget\" data-e-type=\"widget\" data-settings=\"{&quot;_animation&quot;:&quot;fadeInLeft&quot;,&quot;_animation_delay&quot;:750}\" data-widget_type=\"heading.default\">\n\t\t\t\t\t<h4 class=\"elementor-heading-title elementor-size-default\">Cada lugar tiene su propia historia, una ubicaci\u00f3n \u00fanica y una atm\u00f3sfera que se expresa en cada detalle.<\/h4>\t\t\t\t<\/div>\n\t\t\t\t<div class=\"elementor-element elementor-element-b2b74b2 elementor-widget__width-initial elementor-widget elementor-widget-text-editor\" data-id=\"b2b74b2\" data-element_type=\"widget\" data-e-type=\"widget\" data-widget_type=\"text-editor.default\">\n\t\t\t\t\t\t\t\t\t<p class=\"p1\"><strong>COCOGrup<\/strong> est\u00e1 especializada en crear espacios c\u00e1lidos en ubicaciones aut\u00e9nticas. Lugares con historia y car\u00e1cter, cuidadosamente restaurados y decorados con sensibilidad, para que cada estancia se convierta en una experiencia memorable.<\/p>\t\t\t\t\t\t\t\t<\/div>\n\t\t\t\t<\/div>\n\t\t\t\t<\/div>\n\t\t<div class=\"elementor-element elementor-element-937d571 e-con-full animated-slow e-flex elementor-invisible e-con e-parent\" data-id=\"937d571\" data-element_type=\"container\" data-e-type=\"container\" data-settings=\"{&quot;animation&quot;:&quot;fadeIn&quot;,&quot;animation_delay&quot;:300}\">\n\t\t<div class=\"elementor-element elementor-element-3a7ef27f e-con-full e-flex e-con e-child\" data-id=\"3a7ef27f\" data-element_type=\"container\" data-e-type=\"container\" data-settings=\"{&quot;background_background&quot;:&quot;classic&quot;}\">\n\t\t\t\t<div class=\"elementor-element elementor-element-7aea5ed9 elementor-widget elementor-widget-heading\" data-id=\"7aea5ed9\" data-element_type=\"widget\" data-e-type=\"widget\" data-widget_type=\"heading.default\">\n\t\t\t\t\t<h2 class=\"elementor-heading-title elementor-size-default\">Vive la Ciutat Vella de Barcelona<\/h2>\t\t\t\t<\/div>\n\t\t\t\t<div class=\"elementor-element elementor-element-62a3c065 elementor-widget__width-initial elementor-widget elementor-widget-text-editor\" data-id=\"62a3c065\" data-element_type=\"widget\" data-e-type=\"widget\" data-widget_type=\"text-editor.default\">\n\t\t\t\t\t\t\t\t\t<p>Estancias largas \u00fanicas en el casco antiguo de Barcelona, un pueblo dentro de una ciudad.\u00a0<\/p>\t\t\t\t\t\t\t\t<\/div>\n\t\t\t\t<div class=\"elementor-element elementor-element-4282a040 elementor-align-center elementor-widget elementor-widget-button\" data-id=\"4282a040\" data-element_type=\"widget\" data-e-type=\"widget\" data-widget_type=\"button.default\">\n\t\t\t\t\t\t\t\t\t\t<a class=\"elementor-button elementor-button-link elementor-size-sm elementor-animation-grow\" href=\"mailto:info@cocogrup.com\" target=\"_blank\">\n\t\t\t\t\t\t<span class=\"elementor-button-content-wrapper\">\n\t\t\t\t\t\t\t\t\t<span class=\"elementor-button-text\">M\u00e1s informaci\u00f3n<\/span>\n\t\t\t\t\t<\/span>\n\t\t\t\t\t<\/a>\n\t\t\t\t\t\t\t\t<\/div>\n\t\t\t\t<\/div>\n\t\t<div class=\"elementor-element elementor-element-be28c1a e-con-full e-flex e-con e-child\" data-id=\"be28c1a\" data-element_type=\"container\" data-e-type=\"container\" data-settings=\"{&quot;background_background&quot;:&quot;classic&quot;}\">\n\t\t\t\t<div class=\"elementor-element elementor-element-2273280 elementor-widget elementor-widget-heading\" data-id=\"2273280\" data-element_type=\"widget\" data-e-type=\"widget\" data-widget_type=\"heading.default\">\n\t\t\t\t\t<h2 class=\"elementor-heading-title elementor-size-default\">Desconecta en Can Bassa<\/h2>\t\t\t\t<\/div>\n\t\t\t\t<div class=\"elementor-element elementor-element-51af3aa elementor-widget__width-initial elementor-widget elementor-widget-text-editor\" data-id=\"51af3aa\" data-element_type=\"widget\" data-e-type=\"widget\" data-widget_type=\"text-editor.default\">\n\t\t\t\t\t\t\t\t\t<p>Disfruta del Empord\u00e0 y La Costa Brava medieval, un rinc\u00f3n lleno de historia y autenticidad.<\/p>\t\t\t\t\t\t\t\t<\/div>\n\t\t\t\t<div class=\"elementor-element elementor-element-2ee3c21 elementor-align-center elementor-widget elementor-widget-button\" data-id=\"2ee3c21\" data-element_type=\"widget\" data-e-type=\"widget\" data-widget_type=\"button.default\">\n\t\t\t\t\t\t\t\t\t\t<a class=\"elementor-button elementor-button-link elementor-size-sm elementor-animation-grow\" href=\"https:\/\/canbassa.com\" target=\"_blank\" rel=\"noopener\">\n\t\t\t\t\t\t<span class=\"elementor-button-content-wrapper\">\n\t\t\t\t\t\t\t\t\t<span class=\"elementor-button-text\">Ver Can Bassa<\/span>\n\t\t\t\t\t<\/span>\n\t\t\t\t\t<\/a>\n\t\t\t\t\t\t\t\t<\/div>\n\t\t\t\t<\/div>\n\t\t<div class=\"elementor-element elementor-element-1185fb0 e-con-full e-flex e-con e-child\" data-id=\"1185fb0\" data-element_type=\"container\" data-e-type=\"container\" data-settings=\"{&quot;background_background&quot;:&quot;classic&quot;}\">\n\t\t\t\t<div class=\"elementor-element elementor-element-a7208a0 elementor-widget elementor-widget-heading\" data-id=\"a7208a0\" data-element_type=\"widget\" data-e-type=\"widget\" data-widget_type=\"heading.default\">\n\t\t\t\t\t<h2 class=\"elementor-heading-title elementor-size-default\">Descubre la Rector\u00eda<\/h2>\t\t\t\t<\/div>\n\t\t\t\t<div class=\"elementor-element elementor-element-15c18c1 elementor-widget__width-initial elementor-widget elementor-widget-text-editor\" data-id=\"15c18c1\" data-element_type=\"widget\" data-e-type=\"widget\" data-widget_type=\"text-editor.default\">\n\t\t\t\t\t\t\t\t\t<p><span class=\"Apple-converted-space\">Si buscas naturaleza en estado puro y alta monta\u00f1a ven a la Val d\u2019Aran.<\/span><\/p>\t\t\t\t\t\t\t\t<\/div>\n\t\t\t\t<div class=\"elementor-element elementor-element-6edbecc elementor-align-center elementor-widget elementor-widget-button\" data-id=\"6edbecc\" data-element_type=\"widget\" data-e-type=\"widget\" data-widget_type=\"button.default\">\n\t\t\t\t\t\t\t\t\t\t<a class=\"elementor-button elementor-button-link elementor-size-sm elementor-animation-grow\" href=\"https:\/\/www.erarectoria.com\" target=\"_blank\" rel=\"noopener\">\n\t\t\t\t\t\t<span class=\"elementor-button-content-wrapper\">\n\t\t\t\t\t\t\t\t\t<span class=\"elementor-button-text\">Ver Era Rector\u00eda<\/span>\n\t\t\t\t\t<\/span>\n\t\t\t\t\t<\/a>\n\t\t\t\t\t\t\t\t<\/div>\n\t\t\t\t<\/div>\n\t\t\t\t<\/div>\n\t\t<div class=\"elementor-element elementor-element-bf22520 e-flex e-con-boxed e-con e-parent\" data-id=\"bf22520\" data-element_type=\"container\" data-e-type=\"container\">\n\t\t\t\t\t<div class=\"e-con-inner\">\n\t\t<div class=\"elementor-element elementor-element-71c97ed e-con-full e-flex elementor-invisible e-con e-child\" data-id=\"71c97ed\" data-element_type=\"container\" data-e-type=\"container\" data-settings=\"{&quot;animation&quot;:&quot;fadeIn&quot;}\">\n\t\t\t\t<div class=\"elementor-element elementor-element-3f1fcad elementor-widget elementor-widget-image\" data-id=\"3f1fcad\" data-element_type=\"widget\" data-e-type=\"widget\" data-widget_type=\"image.default\">\n\t\t\t\t\t\t\t\t\t\t\t\t\t\t\t<img decoding=\"async\" width=\"1651\" height=\"603\" src=\"https:\/\/cocogrup.com\/wp-content\/uploads\/2026\/03\/COCO-GRUP-Marca000-07.svg\" class=\"attachment-large size-large wp-image-59\" alt=\"Logo COCO GRUP\" \/>\t\t\t\t\t\t\t\t\t\t\t\t\t\t\t<\/div>\n\t\t\t\t<div class=\"elementor-element elementor-element-c539857 elementor-widget elementor-widget-heading\" data-id=\"c539857\" data-element_type=\"widget\" data-e-type=\"widget\" data-widget_type=\"heading.default\">\n\t\t\t\t\t<h2 class=\"elementor-heading-title elementor-size-default\">Casas y espacios con alma<\/h2>\t\t\t\t<\/div>\n\t\t\t\t<div class=\"elementor-element elementor-element-ed2a856 elementor-widget elementor-widget-text-editor\" data-id=\"ed2a856\" data-element_type=\"widget\" data-e-type=\"widget\" data-widget_type=\"text-editor.default\">\n\t\t\t\t\t\t\t\t\t<p class=\"p1\">Nos apasiona preservar la esencia de cada lugar y convertirla en una experiencia. Trabajamos con espacios con historia cuidando cada detalle para que el car\u00e1cter original se mantenga vivo.<\/p><p class=\"p1\">Restauramos con respeto, poniendo en valor los materiales, las huellas del tiempo y los elementos que hacen \u00fanica cada edificaci\u00f3n, y los envolvemos en una decoraci\u00f3n impecable que crea atm\u00f3sferas c\u00e1lidas, aut\u00e9nticas y memorables.<\/p>\t\t\t\t\t\t\t\t<\/div>\n\t\t\t\t<div class=\"elementor-element elementor-element-e334a1c elementor-widget elementor-widget-heading\" data-id=\"e334a1c\" data-element_type=\"widget\" data-e-type=\"widget\" data-widget_type=\"heading.default\">\n\t\t\t\t\t<h2 class=\"elementor-heading-title elementor-size-default\">As\u00ed nace nuestra colecci\u00f3n: una selecci\u00f3n singular de espacios que definen el universo COCOGrup Collection.<\/h2>\t\t\t\t<\/div>\n\t\t\t\t<\/div>\n\t\t<div class=\"elementor-element elementor-element-95fd0f2 e-con-full e-flex e-con e-child\" data-id=\"95fd0f2\" data-element_type=\"container\" data-e-type=\"container\">\n\t\t\t\t<div class=\"elementor-element elementor-element-d26b436 elementor-invisible elementor-widget elementor-widget-heading\" data-id=\"d26b436\" data-element_type=\"widget\" data-e-type=\"widget\" data-settings=\"{&quot;_animation&quot;:&quot;fadeInLeft&quot;,&quot;_animation_delay&quot;:750}\" data-widget_type=\"heading.default\">\n\t\t\t\t\t<h4 class=\"elementor-heading-title elementor-size-default\">Arquitectura, car\u00e1cter y ambientes en perfecta armon\u00eda.<\/h4>\t\t\t\t<\/div>\n\t\t\t\t<div class=\"elementor-element elementor-element-d3c8783 elementor-pagination-position-outside elementor-invisible elementor-widget elementor-widget-image-carousel\" data-id=\"d3c8783\" data-element_type=\"widget\" data-e-type=\"widget\" data-settings=\"{&quot;slides_to_show&quot;:&quot;1&quot;,&quot;navigation&quot;:&quot;dots&quot;,&quot;_animation&quot;:&quot;fadeIn&quot;,&quot;autoplay&quot;:&quot;yes&quot;,&quot;pause_on_hover&quot;:&quot;yes&quot;,&quot;pause_on_interaction&quot;:&quot;yes&quot;,&quot;autoplay_speed&quot;:5000,&quot;infinite&quot;:&quot;yes&quot;,&quot;effect&quot;:&quot;slide&quot;,&quot;speed&quot;:500}\" data-widget_type=\"image-carousel.default\">\n\t\t\t\t\t\t\t<div class=\"elementor-image-carousel-wrapper swiper\" role=\"region\" aria-roledescription=\"carousel\" aria-label=\"Carrusel de im\u00e1genes\" dir=\"ltr\">\n\t\t\t<div class=\"elementor-image-carousel swiper-wrapper swiper-image-stretch\" aria-live=\"off\">\n\t\t\t\t\t\t\t\t<div class=\"swiper-slide\" role=\"group\" aria-roledescription=\"slide\" aria-label=\"1 de 3\"><figure class=\"swiper-slide-inner\"><img decoding=\"async\" class=\"swiper-slide-image\" src=\"https:\/\/cocogrup.com\/wp-content\/uploads\/2026\/03\/galeria1.jpg\" alt=\"Casa rural - Comedor con chimenea\" \/><\/figure><\/div><div class=\"swiper-slide\" role=\"group\" aria-roledescription=\"slide\" aria-label=\"2 de 3\"><figure class=\"swiper-slide-inner\"><img decoding=\"async\" class=\"swiper-slide-image\" src=\"https:\/\/cocogrup.com\/wp-content\/uploads\/2026\/03\/galeria2.jpg\" alt=\"Casa rural con encanto\" \/><\/figure><\/div><div class=\"swiper-slide\" role=\"group\" aria-roledescription=\"slide\" aria-label=\"3 de 3\"><figure class=\"swiper-slide-inner\"><img decoding=\"async\" class=\"swiper-slide-image\" src=\"https:\/\/cocogrup.com\/wp-content\/uploads\/2026\/03\/Salon-2-Era-Rectoria-scaled-1-1536x1024.jpeg\" alt=\"Apartamentos y casas con encanto en Barcelona, Empord\u00e0 y Val d\u2019Aran\" \/><\/figure><\/div>\t\t\t<\/div>\n\t\t\t\t\t\t\t\n\t\t\t\t\t\t\t\t\t<div class=\"swiper-pagination\"><\/div>\n\t\t\t\t\t\t\t\t\t<\/div>\n\t\t\t\t\t\t<\/div>\n\t\t\t\t<\/div>\n\t\t\t\t\t<\/div>\n\t\t\t\t<\/div>\n\t\t\t\t<\/div>\n\t\t","protected":false},"excerpt":{"rendered":"<p>Apartamentos, Casas y Hotel con encanto enjoy living Cada lugar tiene su propia historia, una ubicaci\u00f3n \u00fanica y una atm\u00f3sfera que se expresa en cada detalle. COCOGrup est\u00e1 especializada en crear espacios c\u00e1lidos en ubicaciones aut\u00e9nticas. Lugares con historia y car\u00e1cter, cuidadosamente restaurados y decorados con sensibilidad, para que cada estancia se convierta en una [&hellip;]<\/p>\n","protected":false},"author":1,"featured_media":28,"parent":0,"menu_order":0,"comment_status":"closed","ping_status":"closed","template":"","meta":{"footnotes":""},"class_list":["post-12","page","type-page","status-publish","has-post-thumbnail","hentry"],"_links":{"self":[{"href":"https:\/\/cocogrup.com\/ca\/wp-json\/wp\/v2\/pages\/12","targetHints":{"allow":["GET"]}}],"collection":[{"href":"https:\/\/cocogrup.com\/ca\/wp-json\/wp\/v2\/pages"}],"about":[{"href":"https:\/\/cocogrup.com\/ca\/wp-json\/wp\/v2\/types\/page"}],"author":[{"embeddable":true,"href":"https:\/\/cocogrup.com\/ca\/wp-json\/wp\/v2\/users\/1"}],"replies":[{"embeddable":true,"href":"https:\/\/cocogrup.com\/ca\/wp-json\/wp\/v2\/comments?post=12"}],"version-history":[{"count":77,"href":"https:\/\/cocogrup.com\/ca\/wp-json\/wp\/v2\/pages\/12\/revisions"}],"predecessor-version":[{"id":211,"href":"https:\/\/cocogrup.com\/ca\/wp-json\/wp\/v2\/pages\/12\/revisions\/211"}],"wp:featuredmedia":[{"embeddable":true,"href":"https:\/\/cocogrup.com\/ca\/wp-json\/wp\/v2\/media\/28"}],"wp:attachment":[{"href":"https:\/\/cocogrup.com\/ca\/wp-json\/wp\/v2\/media?parent=12"}],"curies":[{"name":"wp","href":"https:\/\/api.w.org\/{rel}","templated":true}]}}