{"id":14,"date":"2025-07-17T12:56:14","date_gmt":"2025-07-17T10:56:14","guid":{"rendered":"https:\/\/puntiseguit.framegirona2.dev\/?page_id=14"},"modified":"2026-03-04T14:52:26","modified_gmt":"2026-03-04T13:52:26","slug":"aviso-legal","status":"publish","type":"page","link":"https:\/\/cocogrup.com\/ca\/aviso-legal\/","title":{"rendered":"Av\u00eds legal"},"content":{"rendered":"<div data-elementor-type=\"wp-page\" data-elementor-id=\"14\" class=\"elementor elementor-14\" data-elementor-post-type=\"page\">\n\t\t\t\t<div class=\"elementor-element elementor-element-38b79ef e-flex e-con-boxed e-con e-parent\" data-id=\"38b79ef\" data-element_type=\"container\" data-e-type=\"container\">\n\t\t\t\t\t<div class=\"e-con-inner\">\n\t\t<div class=\"elementor-element elementor-element-110aedc e-con-full e-flex elementor-invisible e-con e-child\" data-id=\"110aedc\" data-element_type=\"container\" data-e-type=\"container\" data-settings=\"{&quot;animation&quot;:&quot;fadeIn&quot;}\">\n\t\t\t\t<div class=\"elementor-element elementor-element-06f45c7 elementor-widget elementor-widget-heading\" data-id=\"06f45c7\" data-element_type=\"widget\" data-e-type=\"widget\" data-widget_type=\"heading.default\">\n\t\t\t\t\t<h1 class=\"elementor-heading-title elementor-size-default\">Av\u00eds legal<\/h1>\t\t\t\t<\/div>\n\t\t\t\t<div class=\"elementor-element elementor-element-06a2865 elementor-widget elementor-widget-text-editor\" data-id=\"06a2865\" data-element_type=\"widget\" data-e-type=\"widget\" data-widget_type=\"text-editor.default\">\n\t\t\t\t\t\t\t\t\t<p class=\"p1\">COLORIN COLORADO, SL, responsable del lloc web, en endavant RESPONSABLE, posa aquest document a disposici\u00f3 dels usuaris, amb el qual t\u00e9 la intenci\u00f3 de complir les obligacions establertes a la Llei 34\/2002, d'11 de juliol, de Serveis de la Societat de la Informaci\u00f3 i de Comer\u00e7 Electr\u00f2nic (LSSICE), BOE n\u00fam. 166, aix\u00ed com per informar tots els usuaris del lloc web sobre les condicions d'\u00fas.<\/p><p class=\"p1\">Qualsevol persona que accedeixi a aquest lloc web assumeix la condici\u00f3 d'usuari, comprometent-se a observar i a complir estrictament les disposicions aqu\u00ed establertes, aix\u00ed com qualsevol altra disposici\u00f3 legal que pugui ser aplicable.<\/p><p class=\"p1\">COLORIN COLORADO, SL es reserva el dret de modificar qualsevol tipus d'informaci\u00f3 que pugui apar\u00e8ixer al lloc web, sense cap obligaci\u00f3 de donar un av\u00eds previ o d'informar els usuaris d'aquestes obligacions, entenent-se que la publicaci\u00f3 al lloc web de COLORIN COLORADO, SL \u00e9s suficient.<\/p><p class=\"p1\"><strong>1. DETALLS D'IDENTIFICACI\u00d3<\/strong><\/p><p class=\"p1\">Nom de domini: <a href=\"https:\/\/cocogrup.com\/ca\/\">cocogrup.com<\/a><\/p><p class=\"p1\">Nom comercial: COCO GRUP<\/p><p class=\"p1\">Nom de l'empresa: COLORIN COLORADO, SL<\/p><p class=\"p1\">N\u00famero d'identificaci\u00f3 fiscal: B63978563<\/p><p class=\"p1\">Domicili social: Avda. Gavarres, 10, 17462 Madremanya<\/p><p class=\"p1\">Tel\u00e8fon: 648 10 00 01<\/p><p class=\"p1\">Correu electr\u00f2nic: info@cocogrup.com<\/p><p class=\"p1\">Registre Mercantil de Barcelona T 37923, F 211, S 8, H B 311564<\/p><p class=\"p1\"><strong>2. DRETS DE PROPIETAT INTEL\u00b7LECTUAL I INDUSTRIAL<\/strong><\/p><p class=\"p1\">El lloc web, incloent-hi, entre d'altres, la seva programaci\u00f3, edici\u00f3, compilaci\u00f3 i altres elements necessaris per al seu funcionament, els dissenys, logotips, textos i\/o gr\u00e0fics, s\u00f3n propietat del CONTROLADOR o, si s'escau, han estat expressament llicenciats o autoritzats pels autors. Tots els continguts del lloc web estan degudament protegits per la normativa de propietat intel\u00b7lectual i industrial, i estan registrats als registres p\u00fablics corresponents.<\/p><p class=\"p1\">Independentment de la finalitat per a la qual estiguessin destinats, la reproducci\u00f3 total o parcial, l'\u00fas, l'explotaci\u00f3, la distribuci\u00f3 i la comercialitzaci\u00f3 requereixen, en tots els casos, autoritzaci\u00f3 pr\u00e8via per escrit del CONTROLADOR. Qualsevol \u00fas no autoritzat es considera una infracci\u00f3 greu dels drets de propietat intel\u00b7lectual o industrial de l'autor.<\/p><p class=\"p1\">Els dissenys, logotips, textos i\/o gr\u00e0fics que no pertanyen al RESPONSABLE i que puguin apar\u00e8ixer al lloc web pertanyen als seus respectius propietaris, que s\u00f3n els responsables de qualsevol possible controv\u00e8rsia que pugui sorgir en relaci\u00f3 amb aquests. El RESPONSABLE autoritza expressament tercers a redirigir directament a continguts espec\u00edfics del lloc web i, en qualsevol cas, a redirigir al lloc web principal de cocogrup.com.<\/p><p class=\"p1\">El CONTROLADOR reconeix els drets de propietat intel\u00b7lectual i industrial corresponents als seus titulars, i la seva mera menci\u00f3 o aparici\u00f3 al lloc web no implica l'exist\u00e8ncia de cap dret ni responsabilitat respecte a aquests, ni implica cap aprovaci\u00f3, patrocini o recomanaci\u00f3 per part del lloc web. Qualsevol comentari sobre possibles vulneracions de drets de propietat intel\u00b7lectual o industrial, o sobre qualsevol contingut del lloc web, es pot enviar a info@cocogrup.com.<\/p><p class=\"p1\"><strong>3. EXONERACI\u00d3 DE RESPONSABILITAT<\/strong><\/p><p class=\"p1\">El CONTROLLER est\u00e0 exempt de qualsevol responsabilitat que derivi de la informaci\u00f3 publicada al seu lloc web sempre que no tingui coneixement real que aquesta informaci\u00f3 hagi estat manipulada o introdu\u00efda per un tercer ali\u00e8 a ell o, si en t\u00e9, hagi actuat amb dilig\u00e8ncia per eliminar les dades o per fer-ne impossible l'acc\u00e9s.<\/p><p class=\"p1\"><strong>\u00das de galetes<\/strong><\/p><p class=\"p1\">Aquest lloc web pot utilitzar galetes t\u00e8cniques (petits fitxers d'informaci\u00f3 que el servidor envia a l'ordinador de la persona que accedeix a la p\u00e0gina) per dur a terme determinades funcions que es consideren essencials per al funcionament i la visualitzaci\u00f3 correctes del lloc. Les galetes utilitzades s\u00f3n, en qualsevol cas, de naturalesa temporal, amb l'\u00fanic prop\u00f2sit de fer la navegaci\u00f3 m\u00e9s eficient, i desapareixen quan finalitza la sessi\u00f3 de l'usuari. En cap cas aquestes galetes per si mateixes proporcionen dades personals ni s'utilitzaran per recollir aquest tipus de dades. Mitjan\u00e7ant l'\u00fas de galetes, tamb\u00e9 \u00e9s possible que el servidor on es troba el lloc web reconegui el navegador que utilitza l'usuari per tal de facilitar la navegaci\u00f3, permetent, per exemple, que els usuaris que s'han registrat pr\u00e8viament accedeixin a \u00e0rees, serveis, promocions o concursos reservats exclusivament per a ells sense haver de registrar-se en cada visita. Tamb\u00e9 es poden utilitzar per mesurar l'audi\u00e8ncia, els par\u00e0metres de tr\u00e0nsit, supervisar el progr\u00e9s i el nombre d'entrades, etc., en aquests casos s\u00f3n galetes t\u00e8cnicament dispensables, per\u00f2 beneficioses per a l'usuari. Aquest lloc web no instal\u00b7lar\u00e0 galetes dispensables sense el consentiment previ de l'usuari. Aquest lloc web utilitza galetes anal\u00edtiques per activar la funci\u00f3 de control de visites \u00faniques amb la finalitat de facilitar la vostra navegaci\u00f3. Tots els usuaris que visiten el lloc web s\u00f3n informats de l'\u00fas d'aquestes galetes mitjan\u00e7ant un b\u00e0ner flotant, considerant que si accepten el tractament, consenten el seu \u00fas. Si n'accepteu l'\u00fas, el b\u00e0ner desapareixer\u00e0, tot i que podeu revocar el vostre consentiment en qualsevol moment i obtenir m\u00e9s informaci\u00f3 consultant la nostra Pol\u00edtica de galetes. Els usuaris tenen l'opci\u00f3 de configurar el seu navegador per ser alertats de la recepci\u00f3 de galetes i per impedir-ne la instal\u00b7laci\u00f3 al seu ordinador. Consulteu les instruccions del vostre navegador per a m\u00e9s informaci\u00f3.<\/p><p><strong>Pol\u00edtica d'enlla\u00e7os<\/strong><\/p><p>Des del lloc web, es pot redirigir a continguts de llocs web de tercers. At\u00e8s que el RESPONSABLE no sempre pot controlar el contingut publicat per tercers als seus llocs web respectius, no assumeix cap responsabilitat per aquest contingut. En qualsevol cas, procedir\u00e0 a eliminar immediatament qualsevol contingut que pugui contravenir la legislaci\u00f3 nacional o internacional, la moral o l'ordre p\u00fablic, procedint a eliminar immediatament la redirecci\u00f3 a aquest lloc web i informant les autoritats competents del contingut en q\u00fcesti\u00f3. El RESPONSABLE no es fa responsable de la informaci\u00f3 i els continguts emmagatzemats, a t\u00edtol merament enunciatiu per\u00f2 no limitat a, en f\u00f2rums, xats, generadors de blocs, comentaris, xarxes socials o qualsevol altre mitj\u00e0 que permeti a tercers publicar continguts de manera independent al lloc web del RESPONSABLE. No obstant aix\u00f2, i en compliment de les disposicions dels articles 11 i 16 de la LSSICE, es posa a disposici\u00f3 de tots els usuaris, autoritats i cossos de seguretat, amb qui es col\u00b7labora activament en la retirada o, si s'escau, el bloqueig de qualsevol contingut que pugui afectar o contravenir la legislaci\u00f3 nacional o internacional, els drets de tercers o la moral i l'ordre p\u00fablic. Si l'usuari considera que hi ha qualsevol contingut al lloc web que es pugui classificar d'aquesta manera, cal notificar-ho immediatament a l'administrador del lloc web. Aquest lloc web ha estat revisat i provat per garantir-ne el funcionament correcte. En principi, el seu funcionament correcte es pot garantir 365 dies l'any, 24 hores al dia. No obstant aix\u00f2, el RESPONSABLE no descarta la possibilitat de certs errors de programaci\u00f3, o la producci\u00f3 de for\u00e7a major, desastres naturals, vagues o circumst\u00e0ncies similars que facin impossible l'acc\u00e9s al lloc web. Adreces IP Els servidors del lloc web poden detectar autom\u00e0ticament l'adre\u00e7a IP i el nom de domini que utilitza l'usuari. Una adre\u00e7a IP \u00e9s un n\u00famero que s'assigna autom\u00e0ticament a un ordinador quan es connecta a Internet. Tota aquesta informaci\u00f3 es registra en un fitxer d'activitat del servidor degudament registrat que permet el posterior processament de les dades amb la finalitat d'obtenir \u00fanicament mesures estad\u00edstiques que revelen el nombre d'impressions de p\u00e0gina, el nombre de visites als servidors web, l'ordre de les visites, el punt d'acc\u00e9s, etc.<\/p><p>4. LEGISLACI\u00d3 APLICABLE I JURISDICCI\u00d3<\/p><p>Per a la resoluci\u00f3 de totes les disputes o q\u00fcestions relacionades amb aquest lloc web o les activitats que s'hi duen a terme, s'aplicar\u00e0 la legislaci\u00f3 espanyola, a la qual les parts es sotmeten expressament, i seran competents per a la resoluci\u00f3 de tots els conflictes que sorgeixin o estiguin relacionats amb el seu \u00fas els Jutjats i Tribunals del domicili de l'USUARI o del lloc de compliment de l'obligaci\u00f3.<\/p>\t\t\t\t\t\t\t\t<\/div>\n\t\t\t\t<\/div>\n\t\t\t\t\t<\/div>\n\t\t\t\t<\/div>\n\t\t\t\t<\/div>","protected":false},"excerpt":{"rendered":"<p>Aviso legal COLORIN COLORADO, SL, responsable del sitio web, en adelante RESPONSABLE, pone a disposici\u00f3n de los usuarios el presente documento, con el que pretende dar cumplimiento a las obligaciones dispuestas en la Ley 34\/2002, de 11 de julio, de Servicios de la Sociedad de la Informaci\u00f3n y de Comercio Electr\u00f3nico (LSSICE), BOE N.\u00ba 166, [&hellip;]<\/p>\n","protected":false},"author":1,"featured_media":0,"parent":0,"menu_order":0,"comment_status":"closed","ping_status":"closed","template":"","meta":{"footnotes":""},"class_list":["post-14","page","type-page","status-publish","hentry"],"_links":{"self":[{"href":"https:\/\/cocogrup.com\/ca\/wp-json\/wp\/v2\/pages\/14","targetHints":{"allow":["GET"]}}],"collection":[{"href":"https:\/\/cocogrup.com\/ca\/wp-json\/wp\/v2\/pages"}],"about":[{"href":"https:\/\/cocogrup.com\/ca\/wp-json\/wp\/v2\/types\/page"}],"author":[{"embeddable":true,"href":"https:\/\/cocogrup.com\/ca\/wp-json\/wp\/v2\/users\/1"}],"replies":[{"embeddable":true,"href":"https:\/\/cocogrup.com\/ca\/wp-json\/wp\/v2\/comments?post=14"}],"version-history":[{"count":7,"href":"https:\/\/cocogrup.com\/ca\/wp-json\/wp\/v2\/pages\/14\/revisions"}],"predecessor-version":[{"id":182,"href":"https:\/\/cocogrup.com\/ca\/wp-json\/wp\/v2\/pages\/14\/revisions\/182"}],"wp:attachment":[{"href":"https:\/\/cocogrup.com\/ca\/wp-json\/wp\/v2\/media?parent=14"}],"curies":[{"name":"wp","href":"https:\/\/api.w.org\/{rel}","templated":true}]}}