{"id":16,"date":"2025-07-17T12:56:27","date_gmt":"2025-07-17T10:56:27","guid":{"rendered":"https:\/\/puntiseguit.framegirona2.dev\/?page_id=16"},"modified":"2026-03-04T14:55:10","modified_gmt":"2026-03-04T13:55:10","slug":"politica-de-privacidad","status":"publish","type":"page","link":"https:\/\/cocogrup.com\/ca\/politica-de-privacidad\/","title":{"rendered":"Pol\u00edtica de privacitat"},"content":{"rendered":"<div data-elementor-type=\"wp-page\" data-elementor-id=\"16\" class=\"elementor elementor-16\" data-elementor-post-type=\"page\">\n\t\t\t\t<div class=\"elementor-element elementor-element-a1b71b6 e-flex e-con-boxed e-con e-parent\" data-id=\"a1b71b6\" data-element_type=\"container\" data-e-type=\"container\">\n\t\t\t\t\t<div class=\"e-con-inner\">\n\t\t<div class=\"elementor-element elementor-element-4c5ef6a e-con-full e-flex elementor-invisible e-con e-child\" data-id=\"4c5ef6a\" data-element_type=\"container\" data-e-type=\"container\" data-settings=\"{&quot;animation&quot;:&quot;fadeIn&quot;}\">\n\t\t\t\t<div class=\"elementor-element elementor-element-a12a1e9 elementor-widget elementor-widget-heading\" data-id=\"a12a1e9\" data-element_type=\"widget\" data-e-type=\"widget\" data-widget_type=\"heading.default\">\n\t\t\t\t\t<h1 class=\"elementor-heading-title elementor-size-default\">Pol\u00edtica de privacitat<\/h1>\t\t\t\t<\/div>\n\t\t\t\t<div class=\"elementor-element elementor-element-a109b89 elementor-widget elementor-widget-text-editor\" data-id=\"a109b89\" data-element_type=\"widget\" data-e-type=\"widget\" data-widget_type=\"text-editor.default\">\n\t\t\t\t\t\t\t\t\t<p>1. INFORMACI\u00d3 DE L'USUARI<\/p><p><strong>Qui \u00e9s el responsable del tractament de les seves dades personals?<\/strong><\/p><p>COLORIN COLORADO, SL \u00e9s la RESPONSABLE del tractament de les dades personals de l'USUARI i l'informa que aquestes dades seran tractades d'acord amb les disposicions del Reglament (UE) 2016\/679 de 27 d'abril (RGPD) i la Llei Org\u00e0nica 3\/2018 de 5 de desembre (LOPDGDD).<\/p><p><strong>Per qu\u00e8 processem les teves dades personals i per qu\u00e8 ho fem?<\/strong><\/p><p>Segons el formulari on h\u00e0gim obtingut les seves dades personals, les tractarem de manera confidencial per a les finalitats seg\u00fcents:<\/p><p>En el formulari\u00a0<strong>Reserves<\/strong>:<\/p><ul><li>Formulaci\u00f3 de reserves a l'establiment de la persona responsable. (per a l'execuci\u00f3 d'un contracte o precontracte, 6.1.b RGPD)<\/li><li>Enviar comunicacions de publicitat comercial per correu electr\u00f2nic, fax, SMS, MMS, xarxes socials o qualsevol altre mitj\u00e0 electr\u00f2nic o f\u00edsic, present o futur, als clients, permetent fer comunicacions comercials sobre productes o serveis similars als inicialment contractats amb el client (art. 21.2 LSSI).<br \/>(per als interessos leg\u00edtims del responsable del tractament, article 6.1.f del RGPD)<\/li><\/ul><p><br \/>En el formulari\u00a0<strong>Contacte<\/strong>:<\/p><ul><li>Respondre a consultes o qualsevol tipus de sol\u00b7licitud que l'usuari faci a trav\u00e9s de qualsevol dels mitjans de contacte posats a disposici\u00f3 al lloc web del responsable del tractament. (per l'inter\u00e8s leg\u00edtim del responsable del tractament, art. 6.1.f RGPD)<\/li><li>Enviar comunicacions publicit\u00e0ries comercials per correu electr\u00f2nic, fax, SMS, MMS, xarxes socials o qualsevol altre mitj\u00e0 electr\u00f2nic o f\u00edsic, present o futur, que permeti comunicacions comercials. Aquestes comunicacions seran realitzades pel responsable del tractament i estaran relacionades amb els seus productes i serveis, o amb els dels seus col\u00b7laboradors o prove\u00efdors, amb els quals ha arribat a un acord de promoci\u00f3. En aquest cas, tercers no tindran mai acc\u00e9s a les dades personals. (amb el consentiment de l'interessat, 6.1.a RGPD)<\/li><li>Realitzar an\u00e0lisis estad\u00edstiques i estudis de mercat. (per als interessos leg\u00edtims del responsable del tractament, art. 6.1.f RGPD)<\/li><\/ul><p><strong><br \/>Quant de temps conservarem les teves dades personals?<\/strong><\/p><p>Es conservaran durant el temps estrictament necessari per al manteniment de la finalitat del tractament o mentre hi hagi obligacions legals que en regulin la cust\u00f2dia, i quan ja no siguin necess\u00e0ries per a aquesta finalitat, s'eliminaran aplicant les mesures de seguretat adequades per garantir l'anonimitzaci\u00f3 o la destrucci\u00f3 completa de les dades.<\/p><p><strong>Amb qui compartim les teves dades personals?<\/strong><\/p><p>No est\u00e0 prevista cap comunicaci\u00f3 de dades personals a tercers, excepte, si \u00e9s necessari per al desenvolupament i l'execuci\u00f3 de les finalitats del tractament, als nostres prove\u00efdors de serveis de comunicacions, amb els quals el RESPONSABLE ha subscrit els contractes de confidencialitat i de tractament de dades exigits per la normativa vigent en mat\u00e8ria de privacitat.<\/p><p><strong>Quins s\u00f3n els teus drets?<\/strong><\/p><p>Els drets de l'USUARI s\u00f3n:<\/p><ul><li>Dret a retirar el consentiment en qualsevol moment.<\/li><li>Dret d'acc\u00e9s, rectificaci\u00f3, portabilitat i supressi\u00f3 de les seves dades, i dret a limitar o a oposar-se al seu tractament.<\/li><li>Dret a presentar una reclamaci\u00f3 davant l'autoritat de supervisi\u00f3 (www.aepd.es) si considereu que el tractament no compleix la normativa vigent.<br \/><br \/><\/li><\/ul><p>Dades de contacte per exercir els teus drets:<\/p><p>COLORIN COLORADO, SL. Avda. Les Gavarres, 10 \u2013 17432 Madremanya (Girona).<\/p><p>Correu electr\u00f2nic: info@cocogrup.com<\/p><p>2. CAR\u00c0CTER OBLIGATORI O OPCIONAL DE LA INFORMACI\u00d3 FACILITADA PER L'USUARI<\/p><p>Marcant les caselles corresponents i introduint dades en els camps marcats amb un asterisc (*) en el formulari de contacte o en els formularis de desc\u00e0rrega, els USUARIS accepten expressament, lliurement i inequ\u00edvocament que les seves dades s\u00f3n necess\u00e0ries perqu\u00e8 el prove\u00efdor respongui a la seva sol\u00b7licitud, essent volunt\u00e0ria la inclusi\u00f3 de dades en la resta de camps. L'USUARI garanteix que les dades personals facilitades al RESPONSABLE s\u00f3n exactes i \u00e9s responsable de comunicar qualsevol canvi que es produeixi. El RESPONSABLE l'informa que totes les dades sol\u00b7licitades a trav\u00e9s del lloc web s\u00f3n obligat\u00f2ries, ja que s\u00f3n necess\u00e0ries per a la prestaci\u00f3 d'un servei \u00f2ptim a l'USUARI. Si no es faciliten totes les dades, no es pot garantir que la informaci\u00f3 i els serveis prestats s'ajustin completament a les seves necessitats.<\/p><p>3. MESURES DE SEGURETAT<\/p><p>Que, d'acord amb les disposicions de la normativa vigent en mat\u00e8ria de protecci\u00f3 de dades personals, el RESPONSABLE compleix totes les disposicions dels reglaments RGPD i LOPDGDD per al tractament de dades personals sota la seva responsabilitat, i manifesta el compliment dels principis descrits a l'article 5 del RGPD, segons els quals les dades es tracten de manera l\u00edcita, equitativa i transparent en relaci\u00f3 amb l'interessat i s\u00f3n adequades, pertinents i limitades al necessari en relaci\u00f3 amb les finalitats per a les quals es tracten. El RESPONSABLE garanteix que ha implementat pol\u00edtiques t\u00e8cniques i organitzatives adequades per aplicar les mesures de seguretat establertes pel RGPD i la LOPDGDD amb la finalitat de protegir els drets i llibertats dels USUARIS i que els ha comunicat la informaci\u00f3 pertinent perqu\u00e8 puguin exercir-los.<\/p><p>Per a m\u00e9s informaci\u00f3 sobre les garanties de privacitat, poseu-vos en contacte amb el RESPONSABLE DEL TRACTAMENT DE DADES a trav\u00e9s de COLORIN COLORADO, SL. Avda. Les Gavarres, 10 \u2013 17432 Madremanya (Girona). Correu electr\u00f2nic: info@cocogrup.com<\/p>\t\t\t\t\t\t\t\t<\/div>\n\t\t\t\t<\/div>\n\t\t\t\t\t<\/div>\n\t\t\t\t<\/div>\n\t\t\t\t<\/div>","protected":false},"excerpt":{"rendered":"<p>Pol\u00edtica de privacidad 1. INFORMACI\u00d3N AL USUARIO \u00bfQui\u00e9n es el responsable del tratamiento de tus datos personales? COLORIN COLORADO, SL es el RESPONSABLE del tratamiento de los datos personales del USUARIO y le informa de que estos datos ser\u00e1n tratados de conformidad con lo dispuesto en el Reglamento (UE) 2016\/679, de 27 de abril (GDPR), [&hellip;]<\/p>\n","protected":false},"author":1,"featured_media":0,"parent":0,"menu_order":0,"comment_status":"closed","ping_status":"closed","template":"","meta":{"footnotes":""},"class_list":["post-16","page","type-page","status-publish","hentry"],"_links":{"self":[{"href":"https:\/\/cocogrup.com\/ca\/wp-json\/wp\/v2\/pages\/16","targetHints":{"allow":["GET"]}}],"collection":[{"href":"https:\/\/cocogrup.com\/ca\/wp-json\/wp\/v2\/pages"}],"about":[{"href":"https:\/\/cocogrup.com\/ca\/wp-json\/wp\/v2\/types\/page"}],"author":[{"embeddable":true,"href":"https:\/\/cocogrup.com\/ca\/wp-json\/wp\/v2\/users\/1"}],"replies":[{"embeddable":true,"href":"https:\/\/cocogrup.com\/ca\/wp-json\/wp\/v2\/comments?post=16"}],"version-history":[{"count":7,"href":"https:\/\/cocogrup.com\/ca\/wp-json\/wp\/v2\/pages\/16\/revisions"}],"predecessor-version":[{"id":186,"href":"https:\/\/cocogrup.com\/ca\/wp-json\/wp\/v2\/pages\/16\/revisions\/186"}],"wp:attachment":[{"href":"https:\/\/cocogrup.com\/ca\/wp-json\/wp\/v2\/media?parent=16"}],"curies":[{"name":"wp","href":"https:\/\/api.w.org\/{rel}","templated":true}]}}