{"id":18,"date":"2025-07-17T12:56:50","date_gmt":"2025-07-17T10:56:50","guid":{"rendered":"https:\/\/puntiseguit.framegirona2.dev\/?page_id=18"},"modified":"2026-03-04T14:56:56","modified_gmt":"2026-03-04T13:56:56","slug":"politica-de-cookies","status":"publish","type":"page","link":"https:\/\/cocogrup.com\/ca\/politica-de-cookies\/","title":{"rendered":"Pol\u00edtica de galetes"},"content":{"rendered":"<div data-elementor-type=\"wp-page\" data-elementor-id=\"18\" class=\"elementor elementor-18\" data-elementor-post-type=\"page\">\n\t\t\t\t<div class=\"elementor-element elementor-element-0e1af17 e-flex e-con-boxed e-con e-parent\" data-id=\"0e1af17\" data-element_type=\"container\" data-e-type=\"container\">\n\t\t\t\t\t<div class=\"e-con-inner\">\n\t\t<div class=\"elementor-element elementor-element-1920dd8 e-con-full e-flex elementor-invisible e-con e-child\" data-id=\"1920dd8\" data-element_type=\"container\" data-e-type=\"container\" data-settings=\"{&quot;animation&quot;:&quot;fadeIn&quot;}\">\n\t\t\t\t<div class=\"elementor-element elementor-element-aa08017 elementor-widget elementor-widget-heading\" data-id=\"aa08017\" data-element_type=\"widget\" data-e-type=\"widget\" data-widget_type=\"heading.default\">\n\t\t\t\t\t<h1 class=\"elementor-heading-title elementor-size-default\">Pol\u00edtica de galetes<\/h1>\t\t\t\t<\/div>\n\t\t\t\t<div class=\"elementor-element elementor-element-04fbd76 elementor-widget elementor-widget-text-editor\" data-id=\"04fbd76\" data-element_type=\"widget\" data-e-type=\"widget\" data-widget_type=\"text-editor.default\">\n\t\t\t\t\t\t\t\t\t<p><strong>INFORMACI\u00d3 SOBRE LES COOKIES<\/strong><\/p><p>D'acord amb la Llei 34\/2002, d'11 de juliol, de serveis de la societat de la informaci\u00f3 i de comer\u00e7 electr\u00f2nic (LSSI), en relaci\u00f3 amb el Reglament (UE) 2016\/679 del Parlament Europeu i del Consell, de 27 d'abril de 2016, Reglament general de protecci\u00f3 de dades (RGPD) i la Llei Org\u00e0nica 3\/2018, de 5 de desembre, de protecci\u00f3 de dades personals i garantia dels drets digitals (LOPDGDD), \u00e9s obligatori obtenir el consentiment expr\u00e9s de l'usuari en tots els llocs web que utilitzen galetes no essencials abans que l'usuari els navegu\u00ef.<\/p><p><strong>Qu\u00e8 s\u00f3n les galetes?<\/strong><\/p><p>Les galetes i altres tecnologies similars, com ara els objectes compartits locals, les galetes Flash o els balises web, s\u00f3n eines que utilitzen els servidors web per emmagatzemar i recuperar informaci\u00f3 sobre els seus visitants, aix\u00ed com per garantir que el lloc web funcioni correctament. L'\u00fas d'aquestes tecnologies permet al servidor web recordar certs detalls sobre l'usuari, com ara les seves prefer\u00e8ncies per visualitzar les p\u00e0gines del servidor, el seu nom d'usuari i contrasenya, els productes que m\u00e9s li interessen, etc.<\/p><p><strong>Galetes afectades per la normativa i galetes exemptes d'aquesta<\/strong><\/p><p>Segons la Directiva de la UE, les galetes que requereixen el consentiment informat de l'usuari s\u00f3n les galetes d'an\u00e0lisi i les galetes publicit\u00e0ries i d'afiliats, amb l'excepci\u00f3 de les galetes t\u00e8cniques i de les necess\u00e0ries per al funcionament del lloc web o per a la prestaci\u00f3 de serveis expressament sol\u00b7licitats per l'usuari.<\/p><p><strong>Tipus de galetes segons la finalitat<\/strong><\/p><ul><li>Cookies t\u00e8cniques i funcionals: s\u00f3n cookies que permeten als usuaris navegar per un lloc web, una plataforma o una aplicaci\u00f3 i utilitzar les diverses opcions o serveis disponibles.<\/li><li>Cookies anal\u00edtiques: permeten al responsable del tractament supervisar i analitzar el comportament dels usuaris als llocs web als quals estan vinculades. La informaci\u00f3 recollida mitjan\u00e7ant aquest tipus de galeta s'utilitza per mesurar l'activitat dels llocs web, les aplicacions o les plataformes i per crear perfils de navegaci\u00f3 dels usuaris d'aquests llocs, aplicacions i plataformes, amb l'objectiu de fer millores basades en l'an\u00e0lisi de com els usuaris utilitzen el servei.<\/li><li>Cookies publicit\u00e0ries: permeten la gesti\u00f3 m\u00e9s efica\u00e7 possible de qualsevol espai publicitari que l'editor hagi pogut incloure en un lloc web, aplicaci\u00f3 o plataforma a trav\u00e9s de la qual es presta el servei sol\u00b7licitat, basant-se en criteris com el contingut publicat o la freq\u00fc\u00e8ncia amb qu\u00e8 es mostren els anuncis.<\/li><li>Cookies de publicitat conductual: recullen informaci\u00f3 sobre les prefer\u00e8ncies i eleccions personals de l'usuari (retargeting) per permetre la gesti\u00f3 m\u00e9s efica\u00e7 de qualsevol espai publicitari que l'editor hagi incl\u00f2s en un lloc web, una aplicaci\u00f3 o una plataforma a trav\u00e9s de la qual es presta el servei sol\u00b7licitat.<\/li><li>Cookies de xarxes socials: aquestes s\u00f3n establertes per les plataformes de xarxes socials als Serveis per permetre't compartir contingut amb els teus amics i xarxes. Les plataformes de xarxes socials poden fer un seguiment de la teva activitat en l\u00ednia fora dels Serveis. Aix\u00f2 pot afectar el contingut i els missatges que veus en altres serveis que visites.<\/li><li>Cookies d'afiliats: aquestes ens permeten fer el seguiment de les visites des d'altres llocs web amb els quals el lloc web t\u00e9 un acord d'afiliaci\u00f3 (empreses afiliades).<\/li><li>Cookies de seguretat: aquestes emmagatzemen informaci\u00f3 xifrada per evitar que les dades emmagatzemades en elles siguin vulnerables a atacs maliciosos per part de tercers.<i>.<\/i><p>\u00a0<\/p><\/li><\/ul><p><strong>Segons la propietat<\/strong><\/p><ul><li>Cookies de primera part: s\u00f3n cookies enviades al dispositiu de l'usuari des d'un servidor o domini gestionat pel mateix operador del lloc web, des del qual es proporciona el servei sol\u00b7licitat per l'usuari.<\/li><li>Cookies de tercers: s\u00f3n cookies enviades al dispositiu de l'usuari des d'un servidor o domini que no \u00e9s gestionat per l'operador del lloc web, sin\u00f3 per una altra entitat que processa les dades obtingudes mitjan\u00e7ant les cookies.<\/li><\/ul><p><strong><br \/>D'ACORD AMB EL PER\u00cdODE DE RETENCI\u00d3<\/strong><\/p><ul><li>Cookies de sessi\u00f3: s\u00f3n un tipus de galeta dissenyada per recollir i emmagatzemar dades mentre l'usuari accedeix a un lloc web.<\/li><li>Cookies persistents: s\u00f3n un tipus de galeta en qu\u00e8 les dades romanen emmagatzemades al dispositiu i es poden accedir i processar durant un per\u00edode determinat per la part responsable de la galeta, que pot anar de pocs minuts a diversos anys.<br \/><br \/><\/li><\/ul><p><strong>TRACTAMENT DE DADES PERSONALS<\/strong><\/p><p>COLORIN COLORADO, SL \u00e9s el responsable del tractament de les dades personals de l'interessat i l'informa que aquestes dades es tractaran d'acord amb les disposicions del Reglament (UE) 2016\/679 de 27 d'abril de 2016 (RGPD). En conseq\u00fc\u00e8ncia, es facilita la informaci\u00f3 seg\u00fcent relativa al tractament:<\/p><p>Finalitats del tractament de dades: tal com s'especifica a la secci\u00f3 sobre les galetes utilitzades en aquest lloc web.<\/p><p>Base jur\u00eddica del tractament: excepte quan sigui necessari per navegar pel lloc web, sobre la base del consentiment de la persona interessada (article 6.1.a del RGPD).<\/p><p>Criteri de conservaci\u00f3 de dades: tal com s'especifica a la secci\u00f3 sobre les galetes utilitzades al lloc web.<\/p><p>Divulgaci\u00f3 de dades: les dades no es divulgaran a tercers, excepte en el cas de galetes de tercers o quan ho exigeixi la llei.<\/p><p>Drets de la persona interessada:<\/p><p>\u2013 El dret a retirar el consentiment en qualsevol moment.<\/p><p>\u2013 El dret a accedir, rectificar, transferir i esborrar les seves dades, i a limitar o oposar-se al seu tractament.<\/p><p>\u2013 El dret a presentar una reclamaci\u00f3 davant l'Autoritat de Protecci\u00f3 de Dades (www.aepd.es) si creu que el tractament no compleix la legislaci\u00f3 vigent.<\/p><p>Dades de contacte per exercir els teus drets: COLORIN COLORADO, SL. Avda. Les Gavarres, 10 \u2013 17432 Madremanya (Girona). Correu electr\u00f2nic: erarectoria@gmail.com<\/p><p><strong>Cookies utilitzades al lloc web<\/strong><\/p><p>Aquest lloc web utilitza les seg\u00fcents galetes:\u00a0<\/p>\t\t\t\t\t\t\t\t<\/div>\n\t\t\t\t<div class=\"elementor-element elementor-element-e25849b elementor-widget elementor-widget-html\" data-id=\"e25849b\" data-element_type=\"widget\" data-e-type=\"widget\" data-widget_type=\"html.default\">\n\t\t\t\t\t<div class= \"cky-audit-table-element\"><\/div>\t\t\t\t<\/div>\n\t\t\t\t<\/div>\n\t\t\t\t\t<\/div>\n\t\t\t\t<\/div>\n\t\t\t\t<\/div>","protected":false},"excerpt":{"rendered":"<p>Pol\u00edtica de cookies INFORMACI\u00d3N SOBRE COOKIES Conforme con la Ley 34\/2002, de 11 de julio, de servicios de la sociedad de la informaci\u00f3n y de comercio electr\u00f3nico (LSSI), en relaci\u00f3n con el Reglamento (UE) 2016\/679 del Parlamento Europeo y del Consejo, de 27 de abril de 2016, General de Protecci\u00f3n de Datos (GDPR) y la [&hellip;]<\/p>\n","protected":false},"author":1,"featured_media":0,"parent":0,"menu_order":0,"comment_status":"closed","ping_status":"closed","template":"","meta":{"footnotes":""},"class_list":["post-18","page","type-page","status-publish","hentry"],"_links":{"self":[{"href":"https:\/\/cocogrup.com\/ca\/wp-json\/wp\/v2\/pages\/18","targetHints":{"allow":["GET"]}}],"collection":[{"href":"https:\/\/cocogrup.com\/ca\/wp-json\/wp\/v2\/pages"}],"about":[{"href":"https:\/\/cocogrup.com\/ca\/wp-json\/wp\/v2\/types\/page"}],"author":[{"embeddable":true,"href":"https:\/\/cocogrup.com\/ca\/wp-json\/wp\/v2\/users\/1"}],"replies":[{"embeddable":true,"href":"https:\/\/cocogrup.com\/ca\/wp-json\/wp\/v2\/comments?post=18"}],"version-history":[{"count":7,"href":"https:\/\/cocogrup.com\/ca\/wp-json\/wp\/v2\/pages\/18\/revisions"}],"predecessor-version":[{"id":192,"href":"https:\/\/cocogrup.com\/ca\/wp-json\/wp\/v2\/pages\/18\/revisions\/192"}],"wp:attachment":[{"href":"https:\/\/cocogrup.com\/ca\/wp-json\/wp\/v2\/media?parent=18"}],"curies":[{"name":"wp","href":"https:\/\/api.w.org\/{rel}","templated":true}]}}